{"id":294,"date":"2022-08-11T12:14:05","date_gmt":"2022-08-11T11:14:05","guid":{"rendered":"https:\/\/nextbike-live.pluspol-networks.de\/barcelos\/politica-de-privacidade\/"},"modified":"2022-08-11T12:14:05","modified_gmt":"2022-08-11T10:14:05","slug":"politica-de-privacidade","status":"publish","type":"page","link":"https:\/\/www.tubabike.pt\/pt\/politica-de-privacidade\/","title":{"rendered":"politica de privacidade"},"content":{"rendered":"<div class=\"wpb-content-wrapper\"><p>[vc_row][vc_column][vc_column_text]<div class=\"ppi_privacy ppi_content\"><h1>Pol\u00edtica de Privacidade de Dados<\/h1>\n<p><strong>Nome e endere\u00e7o da pessoa respons\u00e1vel<\/strong><br \/>\nA pessoa respons\u00e1vel, na ace\u00e7\u00e3o do Regulamento Geral de Prote\u00e7\u00e3o de Dados e de outras leis nacionais de prote\u00e7\u00e3o de dados dos Estados-Membros, bem como de outras disposi\u00e7\u00f5es em mat\u00e9ria de prote\u00e7\u00e3o de dados, \u00e9 a seguinte:<\/p>\n<div data-font-name=\"g_d3_f4\" data-angle=\"0\" data-canvas-width=\"117.61519999999996\">\n<p>TRANSDEV MOBILIDADE SA<br \/>\nC.C. Londres Loja AC 122Senhora da Hora<br \/>\n4460-338 Rua de Oslo<br \/>\nPortugal<\/p>\n<p>Email: <a href=\"mailto:info@tubabike.pt\">info@tubabike.pt<\/a><\/p>\n<\/div>\n<p>Levamos a prote\u00e7\u00e3o dos seus dados pessoais muito a s\u00e9rio e tratamos os seus dados pessoais de forma confidencial e de acordo com os regulamentos legais de prote\u00e7\u00e3o de dados e a presente pol\u00edtica de privacidade.<\/p>\n<p>\u00c9 poss\u00edvel utilizar os nossos sites sem fornecer dados pessoais. Sempre que forem recolhidos dados pessoais (por exemplo, nome, endere\u00e7o ou endere\u00e7os de e-mail) nas nossas p\u00e1ginas, a recolha ser\u00e1 feita, na medida do poss\u00edvel, de forma volunt\u00e1ria. Esses dados n\u00e3o ser\u00e3o transmitidos a terceiros sem o seu consentimento expresso.<br \/>\nSalientamos que a transmiss\u00e3o de dados atrav\u00e9s da Internet (por exemplo, comunica\u00e7\u00f5es por e-mail) pode estar sujeita a falhas de seguran\u00e7a. N\u00e3o \u00e9 poss\u00edvel proteger completamente os dados contra o acesso por terceiros. Nesse sentido, os seguintes regulamentos informam o utilizador sobre o tipo, o \u00e2mbito e a finalidade da recolha, da utiliza\u00e7\u00e3o e do tratamento de dados pessoais pelo fornecedor.<\/p>\n<p><a class=\"borlabs-cookie-preference\" href=\"#\">Crie configura\u00e7\u00f5es individuais de prote\u00e7\u00e3o de dados.<\/a><\/p>\n<h4 class=\"ppi_download_headline\">Descargas<\/h4><div class=\"ppi_download_row ppi_row\"><div class=\"ppi_download_col ppi_col-md-6\"><p class=\"ppi_download_desc\"><\/p><a aria-label=\"Abre em uma nova aba\" href=\"https:\/\/www.tubabike.pt\/wp-content\/uploads\/sites\/67\/2024\/09\/Politica-de-privacidade-rubricada.pdf\" target=\"_blank\" class=\"ppi_download_link\"><strong>Baixar<\/strong><\/a><\/div><\/div><\/div>[\/vc_column_text][\/vc_column][\/vc_row]<\/p>\n<\/div>","protected":false},"excerpt":{"rendered":"<p>[vc_row][vc_column][vc_column_text][\/vc_column_text][\/vc_column][\/vc_row]<\/p>\n","protected":false},"author":5,"featured_media":0,"parent":0,"menu_order":0,"comment_status":"closed","ping_status":"closed","template":"page-bubble.php","meta":{"_acf_changed":false,"inline_featured_image":false,"footnotes":""},"class_list":["post-294","page","type-page","status-publish","hentry"],"acf":[],"yoast_head":"<!-- This site is optimized with the Yoast SEO plugin v27.2 - https:\/\/yoast.com\/product\/yoast-seo-wordpress\/ -->\n<title>politica de privacidade - Barcelos<\/title>\n<meta name=\"robots\" content=\"index, follow, max-snippet:-1, max-image-preview:large, max-video-preview:-1\" \/>\n<link rel=\"canonical\" href=\"https:\/\/www.tubabike.pt\/pt\/politica-de-privacidade\/\" \/>\n<meta property=\"og:locale\" content=\"pt_PT\" \/>\n<meta property=\"og:type\" content=\"article\" \/>\n<meta property=\"og:title\" content=\"politica de privacidade - Barcelos\" \/>\n<meta property=\"og:description\" content=\"[vc_row][vc_column][vc_column_text][\/vc_column_text][\/vc_column][\/vc_row]\" \/>\n<meta property=\"og:url\" content=\"https:\/\/www.tubabike.pt\/pt\/politica-de-privacidade\/\" \/>\n<meta property=\"og:site_name\" content=\"Barcelos\" \/>\n<meta name=\"twitter:card\" content=\"summary_large_image\" \/>\n<meta name=\"twitter:label1\" content=\"Est. reading time\" \/>\n\t<meta name=\"twitter:data1\" content=\"1 minute\" \/>\n<script type=\"application\/ld+json\" class=\"yoast-schema-graph\">{\"@context\":\"https:\/\/schema.org\",\"@graph\":[{\"@type\":\"WebPage\",\"@id\":\"https:\/\/www.tubabike.pt\/pt\/politica-de-privacidade\/\",\"url\":\"https:\/\/www.tubabike.pt\/pt\/politica-de-privacidade\/\",\"name\":\"politica de privacidade - Barcelos\",\"isPartOf\":{\"@id\":\"https:\/\/www.tubabike.pt\/pt\/#website\"},\"datePublished\":\"2022-08-11T11:14:05+00:00\",\"breadcrumb\":{\"@id\":\"https:\/\/www.tubabike.pt\/pt\/politica-de-privacidade\/#breadcrumb\"},\"inLanguage\":\"ptc-PT\",\"potentialAction\":[{\"@type\":\"ReadAction\",\"target\":[\"https:\/\/www.tubabike.pt\/pt\/politica-de-privacidade\/\"]}]},{\"@type\":\"BreadcrumbList\",\"@id\":\"https:\/\/www.tubabike.pt\/pt\/politica-de-privacidade\/#breadcrumb\",\"itemListElement\":[{\"@type\":\"ListItem\",\"position\":1,\"name\":\"Startseite\",\"item\":\"https:\/\/www.tubabike.pt\/pt\/\"},{\"@type\":\"ListItem\",\"position\":2,\"name\":\"politica de privacidade\"}]},{\"@type\":\"WebSite\",\"@id\":\"https:\/\/www.tubabike.pt\/pt\/#website\",\"url\":\"https:\/\/www.tubabike.pt\/pt\/\",\"name\":\"Barcelos\",\"description\":\"Bike Sharing by nextbike by TIER\",\"potentialAction\":[{\"@type\":\"SearchAction\",\"target\":{\"@type\":\"EntryPoint\",\"urlTemplate\":\"https:\/\/www.tubabike.pt\/pt\/?s={search_term_string}\"},\"query-input\":{\"@type\":\"PropertyValueSpecification\",\"valueRequired\":true,\"valueName\":\"search_term_string\"}}],\"inLanguage\":\"ptc-PT\"}]}<\/script>\n<!-- \/ Yoast SEO plugin. -->","yoast_head_json":{"title":"politica de privacidade - Barcelos","robots":{"index":"index","follow":"follow","max-snippet":"max-snippet:-1","max-image-preview":"max-image-preview:large","max-video-preview":"max-video-preview:-1"},"canonical":"https:\/\/www.tubabike.pt\/pt\/politica-de-privacidade\/","og_locale":"pt_PT","og_type":"article","og_title":"politica de privacidade - Barcelos","og_description":"[vc_row][vc_column][vc_column_text][\/vc_column_text][\/vc_column][\/vc_row]","og_url":"https:\/\/www.tubabike.pt\/pt\/politica-de-privacidade\/","og_site_name":"Barcelos","twitter_card":"summary_large_image","twitter_misc":{"Est. reading time":"1 minute"},"schema":{"@context":"https:\/\/schema.org","@graph":[{"@type":"WebPage","@id":"https:\/\/www.tubabike.pt\/pt\/politica-de-privacidade\/","url":"https:\/\/www.tubabike.pt\/pt\/politica-de-privacidade\/","name":"politica de privacidade - Barcelos","isPartOf":{"@id":"https:\/\/www.tubabike.pt\/pt\/#website"},"datePublished":"2022-08-11T11:14:05+00:00","breadcrumb":{"@id":"https:\/\/www.tubabike.pt\/pt\/politica-de-privacidade\/#breadcrumb"},"inLanguage":"ptc-PT","potentialAction":[{"@type":"ReadAction","target":["https:\/\/www.tubabike.pt\/pt\/politica-de-privacidade\/"]}]},{"@type":"BreadcrumbList","@id":"https:\/\/www.tubabike.pt\/pt\/politica-de-privacidade\/#breadcrumb","itemListElement":[{"@type":"ListItem","position":1,"name":"Startseite","item":"https:\/\/www.tubabike.pt\/pt\/"},{"@type":"ListItem","position":2,"name":"politica de privacidade"}]},{"@type":"WebSite","@id":"https:\/\/www.tubabike.pt\/pt\/#website","url":"https:\/\/www.tubabike.pt\/pt\/","name":"Barcelos","description":"Bike Sharing by nextbike by TIER","potentialAction":[{"@type":"SearchAction","target":{"@type":"EntryPoint","urlTemplate":"https:\/\/www.tubabike.pt\/pt\/?s={search_term_string}"},"query-input":{"@type":"PropertyValueSpecification","valueRequired":true,"valueName":"search_term_string"}}],"inLanguage":"ptc-PT"}]}},"_links":{"self":[{"href":"https:\/\/www.tubabike.pt\/pt\/wp-json\/wp\/v2\/pages\/294","targetHints":{"allow":["GET"]}}],"collection":[{"href":"https:\/\/www.tubabike.pt\/pt\/wp-json\/wp\/v2\/pages"}],"about":[{"href":"https:\/\/www.tubabike.pt\/pt\/wp-json\/wp\/v2\/types\/page"}],"author":[{"embeddable":true,"href":"https:\/\/www.tubabike.pt\/pt\/wp-json\/wp\/v2\/users\/5"}],"replies":[{"embeddable":true,"href":"https:\/\/www.tubabike.pt\/pt\/wp-json\/wp\/v2\/comments?post=294"}],"version-history":[{"count":0,"href":"https:\/\/www.tubabike.pt\/pt\/wp-json\/wp\/v2\/pages\/294\/revisions"}],"wp:attachment":[{"href":"https:\/\/www.tubabike.pt\/pt\/wp-json\/wp\/v2\/media?parent=294"}],"curies":[{"name":"wp","href":"https:\/\/api.w.org\/{rel}","templated":true}]}}