{"id":295,"date":"2023-06-19T15:11:06","date_gmt":"2023-06-19T13:11:06","guid":{"rendered":"https:\/\/nextbike-live.pluspol-networks.de\/barcelos\/startseite\/"},"modified":"2023-06-19T15:11:06","modified_gmt":"2023-06-19T13:11:06","slug":"startseite","status":"publish","type":"page","link":"https:\/\/www.tubabike.pt\/pt\/","title":{"rendered":"Startseite"},"content":{"rendered":"<div class=\"wpb-content-wrapper\"><p>[vc_row ppi_row_padding=&#8221;ppi_remove_padding_top,ppi_remove_padding_bottom&#8221; full_width=&#8221;stretch_row_content_no_spaces&#8221; el_class=&#8221;stage-row&#8221;][vc_column]<div class=\"nextbike stage\">\n                    <div class=\"stage__wrapper\">\n                        <div class=\"container\">\n                            <div class=\"stage__content\"><span class=\"h3\">Partilha de bicicletas em Barcelos<\/span><h1>Descarregue a aplica\u00e7\u00e3o e ande de bicicleta Tuba Bike<\/h1><div class=\"stage__content__stores\"><a class=\"nb-appstore-btn\" aria-label=\"Apple App Store\" href=\"https:\/\/apps.apple.com\/de\/app\/nextbike\/id504288371\" target=\"_blank\" data-custom-link=\"false\"><img decoding=\"async\" width=\"200px\" height=\"59px\" alt=\"Apple App Store\" src=\"https:\/\/www.tubabike.pt\/wp-content\/uploads\/2022\/07\/apple-logo.svg\" \/><\/a><a class=\"nb-appstore-btn\" aria-label=\"Google App Store\" href=\"https:\/\/play.google.com\/store\/apps\/details?id=de.nextbike\" target=\"_blank\" data-custom-link=\"false\"><img decoding=\"async\" width=\"200px\" height=\"59px\" alt=\"Google App Store\" src=\"https:\/\/www.tubabike.pt\/wp-content\/uploads\/2022\/07\/google-logo.svg\" \/><\/a><a class=\"nb-appstore-btn\" aria-label=\"Huawei App Store\" href=\"https:\/\/appgallery.huawei.com\/#\/app\/C102537239\" target=\"_blank\" data-custom-link=\"false\"><img decoding=\"async\" width=\"200px\" height=\"59px\" alt=\"Huawei App Store\" src=\"https:\/\/www.tubabike.pt\/wp-content\/uploads\/2022\/07\/huawei-logo.svg\" \/><\/a><\/div>\n                            <\/div>\n                        <\/div><div role=\"img\" aria-label=\"Missing alt text\" class=\"stage__parallax parallax-speed5 \" style=\"background-image: url(https:\/\/www.tubabike.pt\/wp-content\/uploads\/2024\/04\/sun_background_optimized-1.svg)\"><\/div>\n                   <div role=\"img\" aria-label=\"Missing alt text\" class=\"stage__parallax parallax-speed4 \" style=\"background-image: url(https:\/\/www.tubabike.pt\/wp-content\/uploads\/2023\/03\/City_background.svg)\"><\/div>\n                   <div role=\"img\" aria-label=\"\" class=\"stage__parallax parallax-speed3 \" style=\"background-image: url(https:\/\/www.tubabike.pt\/wp-content\/uploads\/sites\/67\/2023\/07\/header_LAYER-3.svg)\"><\/div>\n                   <div role=\"img\" aria-label=\"\" class=\"stage__parallax parallax-speed2 \" style=\"background-image: url(https:\/\/www.tubabike.pt\/wp-content\/uploads\/sites\/67\/2023\/07\/header_LAYER-2.svg)\"><\/div>\n                   <div role=\"img\" aria-label=\"\" class=\"stage__parallax parallax-speed1 \" style=\"background-image: url(https:\/\/www.tubabike.pt\/wp-content\/uploads\/sites\/67\/2023\/07\/header_LAYER-1.svg)\"><\/div><\/div>\n                <\/div>[\/vc_column][\/vc_row][vc_row ppi_row_padding=&#8221;ppi_remove_padding_top&#8221;][vc_column]<div class=\"nextbike mockups\"><div class=\"mockups__item\">\n    <div class=\"mockups__item__container\">\n                <div class=\"mockups__item__image mockups__item__image__left\">\n                        <div class=\"mockups__item__image__img\">\n                <img loading=\"lazy\" decoding=\"async\" width=\"549\" height=\"858\" src=\"https:\/\/www.tubabike.pt\/wp-content\/uploads\/sites\/67\/2025\/04\/Phone-Mockup-Map-Active-Ride.png\" class=\"attachment-nex-sm size-nex-sm\" alt=\"\" srcset=\"https:\/\/www.tubabike.pt\/wp-content\/uploads\/sites\/67\/2025\/04\/Phone-Mockup-Map-Active-Ride.png 549w, https:\/\/www.tubabike.pt\/wp-content\/uploads\/sites\/67\/2025\/04\/Phone-Mockup-Map-Active-Ride-192x300.png 192w, https:\/\/www.tubabike.pt\/wp-content\/uploads\/sites\/67\/2025\/04\/Phone-Mockup-Map-Active-Ride-480x750.png 480w, https:\/\/www.tubabike.pt\/wp-content\/uploads\/sites\/67\/2025\/04\/Phone-Mockup-Map-Active-Ride-90x140.png 90w, https:\/\/www.tubabike.pt\/wp-content\/uploads\/sites\/67\/2025\/04\/Phone-Mockup-Map-Active-Ride-64x100.png 64w\" sizes=\"auto, (max-width: 549px) 100vw, 549px\" \/>            <\/div>\n                                                            <div class=\"mockups__item__image__bg parallax\">\n                        <img loading=\"lazy\" decoding=\"async\" width=\"1\" height=\"1\" src=\"https:\/\/www.tubabike.pt\/wp-content\/uploads\/sites\/67\/2023\/07\/bubble-MAP.svg\" class=\"attachment-nex-md size-nex-md\" alt=\"\" \/>                    <\/div>\n                                    <\/div>\n                        <div class=\"mockups__item__content mockups__item__content__left\">\n                        <h2 class=\"h3 mockups__item__headline\">\n                Tuba Bike            <\/h2>\n                                    <p class=\"mockups__item__text\">\n                A partilha de bicicletas p\u00fablicas em Barcelos permite-lhe alugar bicicletas em toda a cidade para fazer as suas desloca\u00e7\u00f5es urbanas.            <\/p>\n                                    <a href=\"#beneficios\" target=\"_self\" title=\"Benef\u00edcios\" class=\"mockups__item__link\" >\n                Benef\u00edcios            <\/a>\n                    <\/div>\n            <\/div>\n<\/div>\n<div class=\"mockups__item\">\n    <div class=\"mockups__item__container\">\n                <div class=\"mockups__item__image mockups__item__image__right\">\n                        <div class=\"mockups__item__image__img\">\n                <img loading=\"lazy\" decoding=\"async\" width=\"768\" height=\"1026\" src=\"https:\/\/www.tubabike.pt\/wp-content\/uploads\/sites\/67\/2023\/07\/rechts-768x1026.png\" class=\"attachment-nex-sm size-nex-sm\" alt=\"\" srcset=\"https:\/\/www.tubabike.pt\/wp-content\/uploads\/sites\/67\/2023\/07\/rechts-768x1026.png 768w, https:\/\/www.tubabike.pt\/wp-content\/uploads\/sites\/67\/2023\/07\/rechts-225x300.png 225w, https:\/\/www.tubabike.pt\/wp-content\/uploads\/sites\/67\/2023\/07\/rechts-766x1024.png 766w, https:\/\/www.tubabike.pt\/wp-content\/uploads\/sites\/67\/2023\/07\/rechts-992x1326.png 992w, https:\/\/www.tubabike.pt\/wp-content\/uploads\/sites\/67\/2023\/07\/rechts-480x641.png 480w, https:\/\/www.tubabike.pt\/wp-content\/uploads\/sites\/67\/2023\/07\/rechts-105x140.png 105w, https:\/\/www.tubabike.pt\/wp-content\/uploads\/sites\/67\/2023\/07\/rechts-75x100.png 75w, https:\/\/www.tubabike.pt\/wp-content\/uploads\/sites\/67\/2023\/07\/rechts.png 1044w\" sizes=\"auto, (max-width: 768px) 100vw, 768px\" \/>            <\/div>\n                                                            <div class=\"mockups__item__image__bg parallax\">\n                        <img loading=\"lazy\" decoding=\"async\" width=\"1\" height=\"1\" src=\"https:\/\/www.tubabike.pt\/wp-content\/uploads\/sites\/67\/2023\/07\/bubble-SCAN.svg\" class=\"attachment-nex-md size-nex-md\" alt=\"\" \/>                    <\/div>\n                                    <\/div>\n                        <div class=\"mockups__item__content mockups__item__content__right\">\n                        <h2 class=\"h3 mockups__item__headline\">\n                Aluguer e Devolu\u00e7\u00e3o            <\/h2>\n                                    <p class=\"mockups__item__text\">\n                Leia o c\u00f3digo QR com a aplica\u00e7\u00e3o e comece a sua viagem. Para terminar, estacione a bicicleta numa esta\u00e7\u00e3o e feche o cadeado.            <\/p>\n                                    <a href=\"#como-funciona\" target=\"_self\" title=\"Como \u00e9 que funciona\" class=\"mockups__item__link\" >\n                Como \u00e9 que funciona            <\/a>\n                    <\/div>\n            <\/div>\n<\/div>\n<div class=\"mockups__item\">\n    <div class=\"mockups__item__container\">\n                <div class=\"mockups__item__image mockups__item__image__left\">\n                        <div class=\"mockups__item__image__img\">\n                <img loading=\"lazy\" decoding=\"async\" width=\"499\" height=\"762\" src=\"https:\/\/www.tubabike.pt\/wp-content\/uploads\/sites\/67\/2025\/04\/Phone-Mockup-Ride-Complete.png\" class=\"attachment-nex-sm size-nex-sm\" alt=\"\" srcset=\"https:\/\/www.tubabike.pt\/wp-content\/uploads\/sites\/67\/2025\/04\/Phone-Mockup-Ride-Complete.png 499w, https:\/\/www.tubabike.pt\/wp-content\/uploads\/sites\/67\/2025\/04\/Phone-Mockup-Ride-Complete-196x300.png 196w, https:\/\/www.tubabike.pt\/wp-content\/uploads\/sites\/67\/2025\/04\/Phone-Mockup-Ride-Complete-480x733.png 480w, https:\/\/www.tubabike.pt\/wp-content\/uploads\/sites\/67\/2025\/04\/Phone-Mockup-Ride-Complete-92x140.png 92w, https:\/\/www.tubabike.pt\/wp-content\/uploads\/sites\/67\/2025\/04\/Phone-Mockup-Ride-Complete-65x100.png 65w\" sizes=\"auto, (max-width: 499px) 100vw, 499px\" \/>            <\/div>\n                                                            <div class=\"mockups__item__image__bg parallax\">\n                        <img loading=\"lazy\" decoding=\"async\" width=\"1\" height=\"1\" src=\"https:\/\/www.tubabike.pt\/wp-content\/uploads\/sites\/67\/2023\/07\/bubble-APP.svg\" class=\"attachment-nex-md size-nex-md\" alt=\"\" \/>                    <\/div>\n                                    <\/div>\n                        <div class=\"mockups__item__content mockups__item__content__left\">\n                        <h2 class=\"h3 mockups__item__headline\">\n                Economicamente acess\u00edvel e sustent\u00e1vel            <\/h2>\n                                    <p class=\"mockups__item__text\">\n                Comece a pedalar \u2013 e desfrute de uma viagem tranquila com zero emiss\u00f5es. Comece j\u00e1 por apenas 1 \u20ac!            <\/p>\n                                    <a href=\"#tarifas\" target=\"_self\" title=\"As nossas tarifas\" class=\"mockups__item__link\" >\n                As nossas tarifas            <\/a>\n                    <\/div>\n            <\/div>\n<\/div>\n<\/div>[\/vc_column][\/vc_row][vc_row ppi_row_type=&#8221;ppi_bg_grey&#8221; full_width=&#8221;stretch_row&#8221; el_id=&#8221;como-funciona&#8221; css=&#8221;.vc_custom_1690360971514{background-color: #fcfcfc !important;}&#8221;][vc_column]<div class=\"nextbike how-its-done\">\n    <h2>Como \u00e9 que funciona<\/h2>\n\n    <div class=\"how-its-done__text\">\n        <p>O sistema s\u00f3 permite alugueres dentro do hor\u00e1rio de funcionamento:<\/p>\n<p>&#8211; ver\u00e3o (01.06 &#8211; 30.09) das 7h00 \u00e0s 22h00<br \/>\n&#8211; inverno (01.10 &#8211; 31.05) das 7h00 \u00e0s 21h00<\/p>\n    <\/div>\n\n\n<div class=\"how-its-done__container\">\n                        <div class=\"how-its-done__ctab how-its-done__ctab__tab1 how-its-done__ctab__current\" data-ctab=\"tab1\">\n                <div class=\"how-its-done__image\">\n                    <img loading=\"lazy\" decoding=\"async\" width=\"1\" height=\"1\" src=\"https:\/\/www.tubabike.pt\/wp-content\/uploads\/sites\/67\/2023\/07\/Framelock.svg\" class=\"attachment-nex-md size-nex-md\" alt=\"\" \/>                <\/div>\n                <div class=\"how-its-done__content\">\n                                            <h3 class=\"h5\">Registo<\/h3>\n                                                                <p>O registo \u00e9 gratuito. A fim de verificar a sua conta, \u00e9 necess\u00e1rio fazer um dep\u00f3sito de 1 \u20ac, o qual ser\u00e1 convertido em cr\u00e9dito de aluguer para utilizar mais tarde.<\/p>\n                                                                <h3 class=\"h5\">Aluguer<\/h3>\n                                                                <p>Basta ler o c\u00f3digo QR afixado na bicicleta com a aplica\u00e7\u00e3o e o cadeado ser\u00e1 aberto automaticamente.<\/p>\n                                                                <h3 class=\"h5\">Modo de Estacionamento<\/h3>\n                                                                <p>Quer estacionar a sua bicicleta durante um aluguer? Primeiro, ative o modo de estacionamento na aplica\u00e7\u00e3o e, em seguida, prima a alavanca do cadeado de garfo para baixo, a fim de bloquear a bicicleta. O aluguer continua. Abra novamente o cadeado atrav\u00e9s da aplica\u00e7\u00e3o.<\/p>\n                                                                <h3 class=\"h5\">Devolu\u00e7\u00e3o<\/h3>\n                                                                <p>Devolva a sua bicicleta perto de uma esta\u00e7\u00e3o oficial e feche o cadeado. O aluguer ser\u00e1 interrompido automaticamente. Se devolver a bicicleta fora da \u00e1rea permitida, ser-lhe-\u00e1 aplicada uma penaliza\u00e7\u00e3o de 20 \u20ac.<\/p>\n                                    <\/div>\n            <\/div>\n                                                            <\/div>\n<\/div>[\/vc_column][\/vc_row][vc_row el_id=&#8221;tarifas&#8221;][vc_column]<div class=\"nextbike tariffs\"><h2>As nossas tarifas<\/h2><div class=\"tariffs__text\"><p><strong>Um aluguer n\u00e3o pode exceder 12 horas. Aplica uma coima de 20 \u20ac.<\/strong><\/p>\n<p>Podes alterar a tarifa nas defini\u00e7\u00f5es da tua conta.<\/p>\n<\/p><\/div><div class=\"tariffs__tabs \"><a role=\"button\" href=\"#\" class=\"tariffs__tab tariffs__tab__current\" data-tab=\"Paga conforme o uso\">Paga conforme o uso<\/a><a role=\"button\" href=\"#\" class=\"tariffs__tab \" data-tab=\"Subscri\u00e7\u00f5es\">Subscri\u00e7\u00f5es<\/a><\/div><div class=\"tariffs__contents\"><div class=\"tariffs__content  tariffs__content__current\" data-content=\"Paga conforme o uso\"><div class=\"tariffs__content__card\">\n    <span class=\"h5\" role=\"heading\">para utilizadores casuais<\/span>\n    <h3 class=\"h2\">Tarifa Base<\/h3>\n    <h4 class=\"h3\">1 \u20ac \/ 60 min<\/h4>\n    <p><p>Ap\u00f3s 60 minutos: 0,10 \u20ac\/15 min<\/p>\n<p>O tempo m\u00e1ximo de aluguer \u00e9 de 12 horas. Se for ultrapassado, ser\u00e3o cobrados 20 \u20ac.<\/p>\n<\/p>\n<\/div>\n<\/div><div class=\"tariffs__content  \" data-content=\"Subscri\u00e7\u00f5es\"><div class=\"tariffs__content__card\">\n    <span class=\"h5\" role=\"heading\">para visitantes<\/span>\n    <h3 class=\"h2\">Tarifa di\u00e1ria<\/h3>\n    <h4 class=\"h3\">2 \u20ac \/ 24 h<\/h4>\n    <p><p>Para cada viagem realizada, os primeiros 45 minutos de aluguer est\u00e3o inclu\u00eddos, depois 0,10 \u20ac por cada fra\u00e7\u00e3o de 15 minutos.<\/p>\n<\/p>\n<\/div>\n<div class=\"tariffs__content__card\">\n    <span class=\"h5\" role=\"heading\">para utilizadores frequentes<\/span>\n    <h3 class=\"h2\">Tarifa mensal<\/h3>\n    <h4 class=\"h3\">5 \u20ac \/ m\u00eas<\/h4>\n    <p><p>Para cada viagem realizada, os primeiros 45 minutos de aluguer est\u00e3o inclu\u00eddos, depois 0,10 \u20ac por cada fra\u00e7\u00e3o de 15 minutos.<\/p>\n<p><a href=\"https:\/\/www.tubabike.pt\/pt\/parceiros\/\">Tarifa mensal gratuita para os portadores de t\u00edtulos de transporte mensal da t\u00edtulos de transporte mensal TUBA.<\/a><\/p>\n<\/p>\n<\/div>\n<div class=\"tariffs__content__card\">\n    <span class=\"h5\" role=\"heading\">para verdadeiros entusiastas<\/span>\n    <h3 class=\"h2\">Tarifa anual<\/h3>\n    <h4 class=\"h3\">30 \u20ac \/ ano<\/h4>\n    <p><p>Para cada viagem realizada, os primeiros 45 minutos de aluguer est\u00e3o inclu\u00eddos, depois 0,10 \u20ac por cada fra\u00e7\u00e3o de 15 minutos.<\/p>\n<\/p>\n<\/div>\n<\/div><\/div><\/div>[\/vc_column][\/vc_row][vc_row full_width=&#8221;stretch_row_content_no_spaces&#8221; disable_element=&#8221;yes&#8221;][vc_column][\/vc_column][\/vc_row][vc_row ppi_row_padding=&#8221;ppi_remove_padding_bottom&#8221; full_width=&#8221;stretch_row_content_no_spaces&#8221; el_id=&#8221;beneficios&#8221;][vc_column]<div class=\"nextbike slider\">\n            <div class=\"slider__black\">\n            <h2 class=\"h1\">Descubra Barcelos de bicicleta<\/h2>\n        <\/div>\n        <div class=\"full-width-slider\">\n                        <div class=\"slider__slide center\">\n                    <img loading=\"lazy\" decoding=\"async\" width=\"1920\" height=\"1307\" src=\"https:\/\/www.tubabike.pt\/wp-content\/uploads\/sites\/67\/2024\/08\/Smartbike_2.0_Nils_QF-1920x1307.jpg\" class=\"attachment-nex-max size-nex-max wp-post-image\" alt=\"\" srcset=\"https:\/\/www.tubabike.pt\/wp-content\/uploads\/sites\/67\/2024\/08\/Smartbike_2.0_Nils_QF-1920x1307.jpg 1920w, https:\/\/www.tubabike.pt\/wp-content\/uploads\/sites\/67\/2024\/08\/Smartbike_2.0_Nils_QF-300x204.jpg 300w, https:\/\/www.tubabike.pt\/wp-content\/uploads\/sites\/67\/2024\/08\/Smartbike_2.0_Nils_QF-1024x697.jpg 1024w, https:\/\/www.tubabike.pt\/wp-content\/uploads\/sites\/67\/2024\/08\/Smartbike_2.0_Nils_QF-768x523.jpg 768w, https:\/\/www.tubabike.pt\/wp-content\/uploads\/sites\/67\/2024\/08\/Smartbike_2.0_Nils_QF-1200x817.jpg 1200w, https:\/\/www.tubabike.pt\/wp-content\/uploads\/sites\/67\/2024\/08\/Smartbike_2.0_Nils_QF-992x675.jpg 992w, https:\/\/www.tubabike.pt\/wp-content\/uploads\/sites\/67\/2024\/08\/Smartbike_2.0_Nils_QF-480x327.jpg 480w, https:\/\/www.tubabike.pt\/wp-content\/uploads\/sites\/67\/2024\/08\/Smartbike_2.0_Nils_QF-206x140.jpg 206w, https:\/\/www.tubabike.pt\/wp-content\/uploads\/sites\/67\/2024\/08\/Smartbike_2.0_Nils_QF-147x100.jpg 147w, https:\/\/www.tubabike.pt\/wp-content\/uploads\/sites\/67\/2024\/08\/Smartbike_2.0_Nils_QF.jpg 2000w\" sizes=\"auto, (max-width: 1920px) 100vw, 1920px\" \/>                                            <div class=\"slider__slide__overlay\" style=\"background-color: rgba(0,0,0,0.34);\"><\/div>\n                                        <div class=\"slider__slide__inner container\">\n                        <h3 class=\"h2\">Obt\u00e9m o tarif\u00e1rio mensal gratuitamente&#8230;<\/h3>                        <h4 class=\"h3\">... com a tua assinatura mensal Tuba.<\/h4>                        <a class=\"button button--bright\" href=\"https:\/\/www.tubabike.pt\/pt\/parceiros\/\" target=\"_self\" title=\"Mais informa\u00e7\u00f5es\">Mais informa\u00e7\u00f5es<\/a>                    <\/div>\n                <\/div>\n                            <div class=\"slider__slide center\">\n                    <img loading=\"lazy\" decoding=\"async\" width=\"1200\" height=\"800\" src=\"https:\/\/www.tubabike.pt\/wp-content\/uploads\/sites\/67\/2023\/07\/SMARTbike2.0_Berlin_Tanja_SPONSORbike_neo.jpg\" class=\"attachment-nex-max size-nex-max wp-post-image\" alt=\"\" srcset=\"https:\/\/www.tubabike.pt\/wp-content\/uploads\/sites\/67\/2023\/07\/SMARTbike2.0_Berlin_Tanja_SPONSORbike_neo.jpg 1200w, https:\/\/www.tubabike.pt\/wp-content\/uploads\/sites\/67\/2023\/07\/SMARTbike2.0_Berlin_Tanja_SPONSORbike_neo-300x200.jpg 300w, https:\/\/www.tubabike.pt\/wp-content\/uploads\/sites\/67\/2023\/07\/SMARTbike2.0_Berlin_Tanja_SPONSORbike_neo-1024x683.jpg 1024w, https:\/\/www.tubabike.pt\/wp-content\/uploads\/sites\/67\/2023\/07\/SMARTbike2.0_Berlin_Tanja_SPONSORbike_neo-768x512.jpg 768w, https:\/\/www.tubabike.pt\/wp-content\/uploads\/sites\/67\/2023\/07\/SMARTbike2.0_Berlin_Tanja_SPONSORbike_neo-992x661.jpg 992w, https:\/\/www.tubabike.pt\/wp-content\/uploads\/sites\/67\/2023\/07\/SMARTbike2.0_Berlin_Tanja_SPONSORbike_neo-480x320.jpg 480w, https:\/\/www.tubabike.pt\/wp-content\/uploads\/sites\/67\/2023\/07\/SMARTbike2.0_Berlin_Tanja_SPONSORbike_neo-210x140.jpg 210w, https:\/\/www.tubabike.pt\/wp-content\/uploads\/sites\/67\/2023\/07\/SMARTbike2.0_Berlin_Tanja_SPONSORbike_neo-150x100.jpg 150w\" sizes=\"auto, (max-width: 1200px) 100vw, 1200px\" \/>                                            <div class=\"slider__slide__overlay\" style=\"background-color: rgba(0,0,0,0.34);\"><\/div>\n                                        <div class=\"slider__slide__inner container\">\n                        <h3 class=\"h2\">Conhe\u00e7a Barcelos de uma perspetiva diferente<\/h3>                        <h4 class=\"h3\">Escolhe os percursos atrav\u00e9s dos parques, evita os engarrafamentos e vive a cidade de uma forma diferente. Vais adorar! <\/h4>                                            <\/div>\n                <\/div>\n                <\/div>\n<\/div>\n[\/vc_column][\/vc_row]<\/p>\n<\/div>","protected":false},"excerpt":{"rendered":"<p>[vc_row ppi_row_padding=&#8221;ppi_remove_padding_top,ppi_remove_padding_bottom&#8221; full_width=&#8221;stretch_row_content_no_spaces&#8221; el_class=&#8221;stage-row&#8221;][vc_column][\/vc_column][\/vc_row][vc_row ppi_row_padding=&#8221;ppi_remove_padding_top&#8221;][vc_column][\/vc_column][\/vc_row][vc_row ppi_row_type=&#8221;ppi_bg_grey&#8221; full_width=&#8221;stretch_row&#8221; el_id=&#8221;como-funciona&#8221; css=&#8221;.vc_custom_1690360971514{background-color: #fcfcfc !important;}&#8221;][vc_column][\/vc_column][\/vc_row][vc_row el_id=&#8221;tarifas&#8221;][vc_column][\/vc_column][\/vc_row][vc_row full_width=&#8221;stretch_row_content_no_spaces&#8221; disable_element=&#8221;yes&#8221;][vc_column][\/vc_column][\/vc_row][vc_row ppi_row_padding=&#8221;ppi_remove_padding_bottom&#8221; full_width=&#8221;stretch_row_content_no_spaces&#8221; el_id=&#8221;beneficios&#8221;][vc_column][\/vc_column][\/vc_row]<\/p>\n","protected":false},"author":17,"featured_media":0,"parent":0,"menu_order":0,"comment_status":"closed","ping_status":"closed","template":"","meta":{"_acf_changed":false,"inline_featured_image":false,"footnotes":""},"class_list":["post-295","page","type-page","status-publish","hentry"],"acf":[],"yoast_head":"<!-- This site is optimized with the Yoast SEO plugin v27.2 - https:\/\/yoast.com\/product\/yoast-seo-wordpress\/ -->\n<title>Tuba Bike - Aluguer de bicicletas em Barcelos<\/title>\n<meta name=\"description\" content=\"F\u00e1cil partilha de bicicletas em Barcelos, n\u00e3o importa se apenas por 30 minutos ou um dia inteiro. A pr\u00f3xima bicicleta est\u00e1 mesmo ao virar da esquina. Registe-se j\u00e1!\" \/>\n<meta name=\"robots\" content=\"index, follow, max-snippet:-1, max-image-preview:large, max-video-preview:-1\" \/>\n<link rel=\"canonical\" href=\"https:\/\/www.tubabike.pt\/pt\/\" \/>\n<meta property=\"og:locale\" content=\"pt_PT\" \/>\n<meta property=\"og:type\" content=\"article\" \/>\n<meta property=\"og:title\" content=\"Tuba Bike - Aluguer de bicicletas em Barcelos\" \/>\n<meta property=\"og:description\" content=\"F\u00e1cil partilha de bicicletas em Barcelos, n\u00e3o importa se apenas por 30 minutos ou um dia inteiro. A pr\u00f3xima bicicleta est\u00e1 mesmo ao virar da esquina. Registe-se j\u00e1!\" \/>\n<meta property=\"og:url\" content=\"https:\/\/www.tubabike.pt\/pt\/\" \/>\n<meta property=\"og:site_name\" content=\"Barcelos\" \/>\n<meta name=\"twitter:card\" content=\"summary_large_image\" \/>\n<meta name=\"twitter:label1\" content=\"Est. reading time\" \/>\n\t<meta name=\"twitter:data1\" content=\"1 minute\" \/>\n<script type=\"application\/ld+json\" class=\"yoast-schema-graph\">{\"@context\":\"https:\/\/schema.org\",\"@graph\":[{\"@type\":\"WebPage\",\"@id\":\"https:\/\/www.tubabike.pt\/pt\/\",\"url\":\"https:\/\/www.tubabike.pt\/pt\/\",\"name\":\"Tuba Bike - Aluguer de bicicletas em Barcelos\",\"isPartOf\":{\"@id\":\"https:\/\/www.tubabike.pt\/pt\/#website\"},\"datePublished\":\"2023-06-19T13:11:06+00:00\",\"description\":\"F\u00e1cil partilha de bicicletas em Barcelos, n\u00e3o importa se apenas por 30 minutos ou um dia inteiro. A pr\u00f3xima bicicleta est\u00e1 mesmo ao virar da esquina. Registe-se j\u00e1!\",\"breadcrumb\":{\"@id\":\"https:\/\/www.tubabike.pt\/pt\/#breadcrumb\"},\"inLanguage\":\"ptc-PT\",\"potentialAction\":[{\"@type\":\"ReadAction\",\"target\":[\"https:\/\/www.tubabike.pt\/pt\/\"]}]},{\"@type\":\"BreadcrumbList\",\"@id\":\"https:\/\/www.tubabike.pt\/pt\/#breadcrumb\",\"itemListElement\":[{\"@type\":\"ListItem\",\"position\":1,\"name\":\"Startseite\",\"item\":\"https:\/\/www.tubabike.pt\/pt\/\"},{\"@type\":\"ListItem\",\"position\":2,\"name\":\"Startseite\"}]},{\"@type\":\"WebSite\",\"@id\":\"https:\/\/www.tubabike.pt\/pt\/#website\",\"url\":\"https:\/\/www.tubabike.pt\/pt\/\",\"name\":\"Barcelos\",\"description\":\"Bike Sharing by nextbike by TIER\",\"potentialAction\":[{\"@type\":\"SearchAction\",\"target\":{\"@type\":\"EntryPoint\",\"urlTemplate\":\"https:\/\/www.tubabike.pt\/pt\/?s={search_term_string}\"},\"query-input\":{\"@type\":\"PropertyValueSpecification\",\"valueRequired\":true,\"valueName\":\"search_term_string\"}}],\"inLanguage\":\"ptc-PT\"}]}<\/script>\n<!-- \/ Yoast SEO plugin. -->","yoast_head_json":{"title":"Tuba Bike - Aluguer de bicicletas em Barcelos","description":"F\u00e1cil partilha de bicicletas em Barcelos, n\u00e3o importa se apenas por 30 minutos ou um dia inteiro. A pr\u00f3xima bicicleta est\u00e1 mesmo ao virar da esquina. Registe-se j\u00e1!","robots":{"index":"index","follow":"follow","max-snippet":"max-snippet:-1","max-image-preview":"max-image-preview:large","max-video-preview":"max-video-preview:-1"},"canonical":"https:\/\/www.tubabike.pt\/pt\/","og_locale":"pt_PT","og_type":"article","og_title":"Tuba Bike - Aluguer de bicicletas em Barcelos","og_description":"F\u00e1cil partilha de bicicletas em Barcelos, n\u00e3o importa se apenas por 30 minutos ou um dia inteiro. A pr\u00f3xima bicicleta est\u00e1 mesmo ao virar da esquina. Registe-se j\u00e1!","og_url":"https:\/\/www.tubabike.pt\/pt\/","og_site_name":"Barcelos","twitter_card":"summary_large_image","twitter_misc":{"Est. reading time":"1 minute"},"schema":{"@context":"https:\/\/schema.org","@graph":[{"@type":"WebPage","@id":"https:\/\/www.tubabike.pt\/pt\/","url":"https:\/\/www.tubabike.pt\/pt\/","name":"Tuba Bike - Aluguer de bicicletas em Barcelos","isPartOf":{"@id":"https:\/\/www.tubabike.pt\/pt\/#website"},"datePublished":"2023-06-19T13:11:06+00:00","description":"F\u00e1cil partilha de bicicletas em Barcelos, n\u00e3o importa se apenas por 30 minutos ou um dia inteiro. A pr\u00f3xima bicicleta est\u00e1 mesmo ao virar da esquina. Registe-se j\u00e1!","breadcrumb":{"@id":"https:\/\/www.tubabike.pt\/pt\/#breadcrumb"},"inLanguage":"ptc-PT","potentialAction":[{"@type":"ReadAction","target":["https:\/\/www.tubabike.pt\/pt\/"]}]},{"@type":"BreadcrumbList","@id":"https:\/\/www.tubabike.pt\/pt\/#breadcrumb","itemListElement":[{"@type":"ListItem","position":1,"name":"Startseite","item":"https:\/\/www.tubabike.pt\/pt\/"},{"@type":"ListItem","position":2,"name":"Startseite"}]},{"@type":"WebSite","@id":"https:\/\/www.tubabike.pt\/pt\/#website","url":"https:\/\/www.tubabike.pt\/pt\/","name":"Barcelos","description":"Bike Sharing by nextbike by TIER","potentialAction":[{"@type":"SearchAction","target":{"@type":"EntryPoint","urlTemplate":"https:\/\/www.tubabike.pt\/pt\/?s={search_term_string}"},"query-input":{"@type":"PropertyValueSpecification","valueRequired":true,"valueName":"search_term_string"}}],"inLanguage":"ptc-PT"}]}},"_links":{"self":[{"href":"https:\/\/www.tubabike.pt\/pt\/wp-json\/wp\/v2\/pages\/295","targetHints":{"allow":["GET"]}}],"collection":[{"href":"https:\/\/www.tubabike.pt\/pt\/wp-json\/wp\/v2\/pages"}],"about":[{"href":"https:\/\/www.tubabike.pt\/pt\/wp-json\/wp\/v2\/types\/page"}],"author":[{"embeddable":true,"href":"https:\/\/www.tubabike.pt\/pt\/wp-json\/wp\/v2\/users\/17"}],"replies":[{"embeddable":true,"href":"https:\/\/www.tubabike.pt\/pt\/wp-json\/wp\/v2\/comments?post=295"}],"version-history":[{"count":0,"href":"https:\/\/www.tubabike.pt\/pt\/wp-json\/wp\/v2\/pages\/295\/revisions"}],"wp:attachment":[{"href":"https:\/\/www.tubabike.pt\/pt\/wp-json\/wp\/v2\/media?parent=295"}],"curies":[{"name":"wp","href":"https:\/\/api.w.org\/{rel}","templated":true}]}}