{"id":350,"date":"2024-08-16T10:49:06","date_gmt":"2024-08-16T09:49:06","guid":{"rendered":"https:\/\/nextbike-live.pluspol-networks.de\/barcelos\/?page_id=350"},"modified":"2024-09-19T11:54:49","modified_gmt":"2024-09-19T10:54:49","slug":"parceiros","status":"publish","type":"page","link":"https:\/\/www.tubabike.pt\/pt\/parceiros\/","title":{"rendered":"Parceiros"},"content":{"rendered":"<div class=\"wpb-content-wrapper\"><p>[vc_row ppi_row_padding=&#8221;ppi_remove_padding_bottom&#8221;][vc_column width=&#8221;1\/6&#8243;][\/vc_column][vc_column width=&#8221;2\/3&#8243;][vc_column_text css=&#8221;&#8221;]<\/p>\n<h1 style=\"text-align: center;\">Parceiros<\/h1>\n<p style=\"text-align: center;\"><span style=\"font-weight: 400;\">O servi\u00e7o Tuba Bike \u00e9 parte integrante do sistema <\/span><a href=\"https:\/\/tuba.barcelos.pt\/\"><span style=\"font-weight: 400;\">tuba \u2013 Mobilidade de Barcelos<\/span><\/a><i><span style=\"font-weight: 400;\">, <\/span><\/i><span style=\"font-weight: 400;\">orgulhosamente operado pela <\/span><a href=\"https:\/\/www.transdev.pt\/\"><span style=\"font-weight: 400;\">Transdev<\/span><\/a><span style=\"font-weight: 400;\"> e <\/span><span style=\"font-weight: 400;\">com tecnologia <\/span><a href=\"http:\/\/nextbike.net\/\"><span style=\"font-weight: 400;\">nextbike<\/span><\/a><span style=\"font-weight: 400;\">. Todos os assinantes mensais Tuba, t\u00eam acesso a condi\u00e7\u00f5es especiais.<\/span><\/p>\n<p>[\/vc_column_text][\/vc_column][vc_column width=&#8221;1\/6&#8243;][\/vc_column][\/vc_row][vc_row ppi_row_padding=&#8221;ppi_remove_padding_bottom&#8221;][vc_column width=&#8221;1\/6&#8243;][vc_icon icon_fontawesome=&#8221;fas fa-link&#8221; color=&#8221;custom&#8221; align=&#8221;center&#8221; css=&#8221;&#8221; custom_color=&#8221;#00bdf2&#8243;][\/vc_column][vc_column width=&#8221;4\/6&#8243;][vc_column_text css=&#8221;&#8221;]<\/p>\n<h4>Obt\u00e9m o teu desconto<\/h4>\n<p><span style=\"font-weight: 400;\">Ao comprares a assinatura mensal TUBA recebes um c\u00f3digo para a Tuba bike. Resgata o c\u00f3digo na tua aplica\u00e7\u00e3o nextbike.<\/span>[\/vc_column_text][\/vc_column][vc_column width=&#8221;1\/6&#8243;][\/vc_column][\/vc_row][vc_row ppi_row_padding=&#8221;ppi_remove_padding_top&#8221;][vc_column width=&#8221;1\/6&#8243;][vc_icon icon_fontawesome=&#8221;fas fa-tags&#8221; color=&#8221;custom&#8221; align=&#8221;center&#8221; css=&#8221;&#8221; custom_color=&#8221;#00bdf2&#8243;][\/vc_column][vc_column width=&#8221;4\/6&#8243;][vc_column_text css=&#8221;&#8221;]<\/p>\n<h4>Condi\u00e7\u00f5es de utiliza\u00e7\u00e3o<\/h4>\n<p><span style=\"font-weight: 400;\">O c\u00f3digo ativa a tarifa mensal das bicicletas tuba gratuitamente em vez de 5 euros por m\u00eas. Uma vez que o c\u00f3digo est\u00e1 associado ao t\u00edtulo de transporte p\u00fablico, aplica-se ao m\u00eas em curso. Seja qual for a altura do m\u00eas em que o resgates, o c\u00f3digo do vale s\u00f3 \u00e9 v\u00e1lido at\u00e9 ao fim do m\u00eas de validade do t\u00edtulo de transporte.<\/span>[\/vc_column_text][\/vc_column][vc_column width=&#8221;1\/6&#8243;][\/vc_column][\/vc_row]<\/p>\n<\/div>","protected":false},"excerpt":{"rendered":"<p>[vc_row ppi_row_padding=&#8221;ppi_remove_padding_bottom&#8221;][vc_column width=&#8221;1\/6&#8243;][\/vc_column][vc_column width=&#8221;2\/3&#8243;][vc_column_text css=&#8221;&#8221;] Parceiros O servi\u00e7o Tuba Bike \u00e9 parte integrante do sistema tuba \u2013 Mobilidade de Barcelos, orgulhosamente operado pela Transdev e com tecnologia nextbike. Todos os assinantes mensais Tuba, t\u00eam acesso a condi\u00e7\u00f5es especiais. [\/vc_column_text][\/vc_column][vc_column width=&#8221;1\/6&#8243;][\/vc_column][\/vc_row][vc_row ppi_row_padding=&#8221;ppi_remove_padding_bottom&#8221;][vc_column width=&#8221;1\/6&#8243;][vc_icon icon_fontawesome=&#8221;fas fa-link&#8221; color=&#8221;custom&#8221; align=&#8221;center&#8221; css=&#8221;&#8221; custom_color=&#8221;#00bdf2&#8243;][\/vc_column][vc_column width=&#8221;4\/6&#8243;][vc_column_text css=&#8221;&#8221;] Obt\u00e9m o teu desconto Ao [&hellip;]<\/p>\n","protected":false},"author":13,"featured_media":0,"parent":0,"menu_order":0,"comment_status":"closed","ping_status":"closed","template":"page-bubble.php","meta":{"_acf_changed":false,"inline_featured_image":false,"footnotes":""},"class_list":["post-350","page","type-page","status-publish","hentry"],"acf":[],"yoast_head":"<!-- This site is optimized with the Yoast SEO plugin v27.2 - https:\/\/yoast.com\/product\/yoast-seo-wordpress\/ -->\n<title>Parceiros - Barcelos<\/title>\n<meta name=\"description\" content=\"Obt\u00e9m a tarifa mensal da bicicleta tuba gratuitamente com a tua subscri\u00e7\u00e3o mensal TRANSDEV MOBILIDADE.\" \/>\n<meta name=\"robots\" content=\"index, follow, max-snippet:-1, max-image-preview:large, max-video-preview:-1\" \/>\n<link rel=\"canonical\" href=\"https:\/\/www.tubabike.pt\/pt\/parceiros\/\" \/>\n<meta property=\"og:locale\" content=\"pt_PT\" \/>\n<meta property=\"og:type\" content=\"article\" \/>\n<meta property=\"og:title\" content=\"Parceiros - Barcelos\" \/>\n<meta property=\"og:description\" content=\"Obt\u00e9m a tarifa mensal da bicicleta tuba gratuitamente com a tua subscri\u00e7\u00e3o mensal TRANSDEV MOBILIDADE.\" \/>\n<meta property=\"og:url\" content=\"https:\/\/www.tubabike.pt\/pt\/parceiros\/\" \/>\n<meta property=\"og:site_name\" content=\"Barcelos\" \/>\n<meta property=\"article:modified_time\" content=\"2024-09-19T10:54:49+00:00\" \/>\n<meta name=\"twitter:card\" content=\"summary_large_image\" \/>\n<meta name=\"twitter:label1\" content=\"Est. reading time\" \/>\n\t<meta name=\"twitter:data1\" content=\"1 minute\" \/>\n<script type=\"application\/ld+json\" class=\"yoast-schema-graph\">{\"@context\":\"https:\/\/schema.org\",\"@graph\":[{\"@type\":\"WebPage\",\"@id\":\"https:\/\/www.tubabike.pt\/pt\/parceiros\/\",\"url\":\"https:\/\/www.tubabike.pt\/pt\/parceiros\/\",\"name\":\"Parceiros - Barcelos\",\"isPartOf\":{\"@id\":\"https:\/\/www.tubabike.pt\/pt\/#website\"},\"datePublished\":\"2024-08-16T09:49:06+00:00\",\"dateModified\":\"2024-09-19T10:54:49+00:00\",\"description\":\"Obt\u00e9m a tarifa mensal da bicicleta tuba gratuitamente com a tua subscri\u00e7\u00e3o mensal TRANSDEV MOBILIDADE.\",\"breadcrumb\":{\"@id\":\"https:\/\/www.tubabike.pt\/pt\/parceiros\/#breadcrumb\"},\"inLanguage\":\"ptc-PT\",\"potentialAction\":[{\"@type\":\"ReadAction\",\"target\":[\"https:\/\/www.tubabike.pt\/pt\/parceiros\/\"]}]},{\"@type\":\"BreadcrumbList\",\"@id\":\"https:\/\/www.tubabike.pt\/pt\/parceiros\/#breadcrumb\",\"itemListElement\":[{\"@type\":\"ListItem\",\"position\":1,\"name\":\"Startseite\",\"item\":\"https:\/\/www.tubabike.pt\/pt\/\"},{\"@type\":\"ListItem\",\"position\":2,\"name\":\"Parceiros\"}]},{\"@type\":\"WebSite\",\"@id\":\"https:\/\/www.tubabike.pt\/pt\/#website\",\"url\":\"https:\/\/www.tubabike.pt\/pt\/\",\"name\":\"Barcelos\",\"description\":\"Bike Sharing by nextbike by TIER\",\"potentialAction\":[{\"@type\":\"SearchAction\",\"target\":{\"@type\":\"EntryPoint\",\"urlTemplate\":\"https:\/\/www.tubabike.pt\/pt\/?s={search_term_string}\"},\"query-input\":{\"@type\":\"PropertyValueSpecification\",\"valueRequired\":true,\"valueName\":\"search_term_string\"}}],\"inLanguage\":\"ptc-PT\"}]}<\/script>\n<!-- \/ Yoast SEO plugin. -->","yoast_head_json":{"title":"Parceiros - Barcelos","description":"Obt\u00e9m a tarifa mensal da bicicleta tuba gratuitamente com a tua subscri\u00e7\u00e3o mensal TRANSDEV MOBILIDADE.","robots":{"index":"index","follow":"follow","max-snippet":"max-snippet:-1","max-image-preview":"max-image-preview:large","max-video-preview":"max-video-preview:-1"},"canonical":"https:\/\/www.tubabike.pt\/pt\/parceiros\/","og_locale":"pt_PT","og_type":"article","og_title":"Parceiros - Barcelos","og_description":"Obt\u00e9m a tarifa mensal da bicicleta tuba gratuitamente com a tua subscri\u00e7\u00e3o mensal TRANSDEV MOBILIDADE.","og_url":"https:\/\/www.tubabike.pt\/pt\/parceiros\/","og_site_name":"Barcelos","article_modified_time":"2024-09-19T10:54:49+00:00","twitter_card":"summary_large_image","twitter_misc":{"Est. reading time":"1 minute"},"schema":{"@context":"https:\/\/schema.org","@graph":[{"@type":"WebPage","@id":"https:\/\/www.tubabike.pt\/pt\/parceiros\/","url":"https:\/\/www.tubabike.pt\/pt\/parceiros\/","name":"Parceiros - Barcelos","isPartOf":{"@id":"https:\/\/www.tubabike.pt\/pt\/#website"},"datePublished":"2024-08-16T09:49:06+00:00","dateModified":"2024-09-19T10:54:49+00:00","description":"Obt\u00e9m a tarifa mensal da bicicleta tuba gratuitamente com a tua subscri\u00e7\u00e3o mensal TRANSDEV MOBILIDADE.","breadcrumb":{"@id":"https:\/\/www.tubabike.pt\/pt\/parceiros\/#breadcrumb"},"inLanguage":"ptc-PT","potentialAction":[{"@type":"ReadAction","target":["https:\/\/www.tubabike.pt\/pt\/parceiros\/"]}]},{"@type":"BreadcrumbList","@id":"https:\/\/www.tubabike.pt\/pt\/parceiros\/#breadcrumb","itemListElement":[{"@type":"ListItem","position":1,"name":"Startseite","item":"https:\/\/www.tubabike.pt\/pt\/"},{"@type":"ListItem","position":2,"name":"Parceiros"}]},{"@type":"WebSite","@id":"https:\/\/www.tubabike.pt\/pt\/#website","url":"https:\/\/www.tubabike.pt\/pt\/","name":"Barcelos","description":"Bike Sharing by nextbike by TIER","potentialAction":[{"@type":"SearchAction","target":{"@type":"EntryPoint","urlTemplate":"https:\/\/www.tubabike.pt\/pt\/?s={search_term_string}"},"query-input":{"@type":"PropertyValueSpecification","valueRequired":true,"valueName":"search_term_string"}}],"inLanguage":"ptc-PT"}]}},"_links":{"self":[{"href":"https:\/\/www.tubabike.pt\/pt\/wp-json\/wp\/v2\/pages\/350","targetHints":{"allow":["GET"]}}],"collection":[{"href":"https:\/\/www.tubabike.pt\/pt\/wp-json\/wp\/v2\/pages"}],"about":[{"href":"https:\/\/www.tubabike.pt\/pt\/wp-json\/wp\/v2\/types\/page"}],"author":[{"embeddable":true,"href":"https:\/\/www.tubabike.pt\/pt\/wp-json\/wp\/v2\/users\/13"}],"replies":[{"embeddable":true,"href":"https:\/\/www.tubabike.pt\/pt\/wp-json\/wp\/v2\/comments?post=350"}],"version-history":[{"count":4,"href":"https:\/\/www.tubabike.pt\/pt\/wp-json\/wp\/v2\/pages\/350\/revisions"}],"predecessor-version":[{"id":371,"href":"https:\/\/www.tubabike.pt\/pt\/wp-json\/wp\/v2\/pages\/350\/revisions\/371"}],"wp:attachment":[{"href":"https:\/\/www.tubabike.pt\/pt\/wp-json\/wp\/v2\/media?parent=350"}],"curies":[{"name":"wp","href":"https:\/\/api.w.org\/{rel}","templated":true}]}}