{"id":372,"date":"2024-09-19T12:02:00","date_gmt":"2024-09-19T11:02:00","guid":{"rendered":"https:\/\/www.tubabike.pt\/?page_id=372"},"modified":"2024-09-19T12:14:56","modified_gmt":"2024-09-19T11:14:56","slug":"menores","status":"publish","type":"page","link":"https:\/\/www.tubabike.pt\/pt\/menores\/","title":{"rendered":"Menores"},"content":{"rendered":"<div class=\"wpb-content-wrapper\"><p>[vc_row][vc_column][vc_column_text css=&#8221;&#8221;]<\/p>\n<h1>Menores 16 a 18 anos<\/h1>\n<p>Para que os menores de idade de 16 e 17 anos possam utilizar o sistema de bicicletas partilhados Tubabike, \u00e9 necess\u00e1rio que:<\/p>\n<ol>\n<li dir=\"ltr\">Acompanhado do seu representante legal se dirija ao posto de venda no centro de Barcelos (Avenida Doutor Sid\u00f3nio Pais)<\/li>\n<li dir=\"ltr\">Preenche o Termo de Responsabilidade com os teus dados e do teu representante legal<\/li>\n<li dir=\"ltr\">O nosso colaborador confirma (mediante a apresenta\u00e7\u00e3o dos documentos de Identifica\u00e7\u00e3o) os dados do formul\u00e1rio<\/li>\n<li dir=\"ltr\">Ap\u00f3s valida\u00e7\u00e3o, os nossos servi\u00e7os centrais criam a tua conta de cliente<\/li>\n<li dir=\"ltr\">Receber\u00e1s por SMS um PIN de acesso para a tua conta de cliente.<\/li>\n<li dir=\"ltr\">Agora, deves verificar a tua conta com a ajuda do teu representante legal e associar um m\u00e9todo de pagamento v\u00e1lido.<\/li>\n<li dir=\"ltr\">Ap\u00f3s confirma\u00e7\u00e3o, a conta fica ativa e podes come\u00e7ar a usar o servi\u00e7o.<\/li>\n<\/ol>\n<p>[\/vc_column_text][\/vc_column][\/vc_row]<\/p>\n<\/div>","protected":false},"excerpt":{"rendered":"<p>[vc_row][vc_column][vc_column_text css=&#8221;&#8221;] Menores 16 a 18 anos Para que os menores de idade de 16 e 17 anos possam utilizar o sistema de bicicletas partilhados Tubabike, \u00e9 necess\u00e1rio que: Acompanhado do seu representante legal se dirija ao posto de venda no centro de Barcelos (Avenida Doutor Sid\u00f3nio Pais) Preenche o Termo de Responsabilidade com os [&hellip;]<\/p>\n","protected":false},"author":13,"featured_media":0,"parent":0,"menu_order":0,"comment_status":"closed","ping_status":"closed","template":"page-bubble.php","meta":{"_acf_changed":false,"inline_featured_image":false,"footnotes":""},"class_list":["post-372","page","type-page","status-publish","hentry"],"acf":[],"yoast_head":"<!-- This site is optimized with the Yoast SEO plugin v27.2 - https:\/\/yoast.com\/product\/yoast-seo-wordpress\/ -->\n<title>Menores 16 a 18 anos<\/title>\n<meta name=\"description\" content=\"Para que os menores de 16 e 17 anos possam utilizar o sistema de partilha de bicicletas Tubabike. L\u00ea como.\" \/>\n<meta name=\"robots\" content=\"index, follow, max-snippet:-1, max-image-preview:large, max-video-preview:-1\" \/>\n<link rel=\"canonical\" href=\"https:\/\/www.tubabike.pt\/pt\/menores\/\" \/>\n<meta property=\"og:locale\" content=\"pt_PT\" \/>\n<meta property=\"og:type\" content=\"article\" \/>\n<meta property=\"og:title\" content=\"Menores 16 a 18 anos\" \/>\n<meta property=\"og:description\" content=\"Para que os menores de 16 e 17 anos possam utilizar o sistema de partilha de bicicletas Tubabike. L\u00ea como.\" \/>\n<meta property=\"og:url\" content=\"https:\/\/www.tubabike.pt\/pt\/menores\/\" \/>\n<meta property=\"og:site_name\" content=\"Barcelos\" \/>\n<meta property=\"article:modified_time\" content=\"2024-09-19T11:14:56+00:00\" \/>\n<meta name=\"twitter:card\" content=\"summary_large_image\" \/>\n<meta name=\"twitter:label1\" content=\"Est. reading time\" \/>\n\t<meta name=\"twitter:data1\" content=\"1 minute\" \/>\n<script type=\"application\/ld+json\" class=\"yoast-schema-graph\">{\"@context\":\"https:\/\/schema.org\",\"@graph\":[{\"@type\":\"WebPage\",\"@id\":\"https:\/\/www.tubabike.pt\/pt\/menores\/\",\"url\":\"https:\/\/www.tubabike.pt\/pt\/menores\/\",\"name\":\"Menores 16 a 18 anos\",\"isPartOf\":{\"@id\":\"https:\/\/www.tubabike.pt\/pt\/#website\"},\"datePublished\":\"2024-09-19T11:02:00+00:00\",\"dateModified\":\"2024-09-19T11:14:56+00:00\",\"description\":\"Para que os menores de 16 e 17 anos possam utilizar o sistema de partilha de bicicletas Tubabike. L\u00ea como.\",\"breadcrumb\":{\"@id\":\"https:\/\/www.tubabike.pt\/pt\/menores\/#breadcrumb\"},\"inLanguage\":\"ptc-PT\",\"potentialAction\":[{\"@type\":\"ReadAction\",\"target\":[\"https:\/\/www.tubabike.pt\/pt\/menores\/\"]}]},{\"@type\":\"BreadcrumbList\",\"@id\":\"https:\/\/www.tubabike.pt\/pt\/menores\/#breadcrumb\",\"itemListElement\":[{\"@type\":\"ListItem\",\"position\":1,\"name\":\"Startseite\",\"item\":\"https:\/\/www.tubabike.pt\/pt\/\"},{\"@type\":\"ListItem\",\"position\":2,\"name\":\"Menores\"}]},{\"@type\":\"WebSite\",\"@id\":\"https:\/\/www.tubabike.pt\/pt\/#website\",\"url\":\"https:\/\/www.tubabike.pt\/pt\/\",\"name\":\"Barcelos\",\"description\":\"Bike Sharing by nextbike by TIER\",\"potentialAction\":[{\"@type\":\"SearchAction\",\"target\":{\"@type\":\"EntryPoint\",\"urlTemplate\":\"https:\/\/www.tubabike.pt\/pt\/?s={search_term_string}\"},\"query-input\":{\"@type\":\"PropertyValueSpecification\",\"valueRequired\":true,\"valueName\":\"search_term_string\"}}],\"inLanguage\":\"ptc-PT\"}]}<\/script>\n<!-- \/ Yoast SEO plugin. -->","yoast_head_json":{"title":"Menores 16 a 18 anos","description":"Para que os menores de 16 e 17 anos possam utilizar o sistema de partilha de bicicletas Tubabike. L\u00ea como.","robots":{"index":"index","follow":"follow","max-snippet":"max-snippet:-1","max-image-preview":"max-image-preview:large","max-video-preview":"max-video-preview:-1"},"canonical":"https:\/\/www.tubabike.pt\/pt\/menores\/","og_locale":"pt_PT","og_type":"article","og_title":"Menores 16 a 18 anos","og_description":"Para que os menores de 16 e 17 anos possam utilizar o sistema de partilha de bicicletas Tubabike. L\u00ea como.","og_url":"https:\/\/www.tubabike.pt\/pt\/menores\/","og_site_name":"Barcelos","article_modified_time":"2024-09-19T11:14:56+00:00","twitter_card":"summary_large_image","twitter_misc":{"Est. reading time":"1 minute"},"schema":{"@context":"https:\/\/schema.org","@graph":[{"@type":"WebPage","@id":"https:\/\/www.tubabike.pt\/pt\/menores\/","url":"https:\/\/www.tubabike.pt\/pt\/menores\/","name":"Menores 16 a 18 anos","isPartOf":{"@id":"https:\/\/www.tubabike.pt\/pt\/#website"},"datePublished":"2024-09-19T11:02:00+00:00","dateModified":"2024-09-19T11:14:56+00:00","description":"Para que os menores de 16 e 17 anos possam utilizar o sistema de partilha de bicicletas Tubabike. L\u00ea como.","breadcrumb":{"@id":"https:\/\/www.tubabike.pt\/pt\/menores\/#breadcrumb"},"inLanguage":"ptc-PT","potentialAction":[{"@type":"ReadAction","target":["https:\/\/www.tubabike.pt\/pt\/menores\/"]}]},{"@type":"BreadcrumbList","@id":"https:\/\/www.tubabike.pt\/pt\/menores\/#breadcrumb","itemListElement":[{"@type":"ListItem","position":1,"name":"Startseite","item":"https:\/\/www.tubabike.pt\/pt\/"},{"@type":"ListItem","position":2,"name":"Menores"}]},{"@type":"WebSite","@id":"https:\/\/www.tubabike.pt\/pt\/#website","url":"https:\/\/www.tubabike.pt\/pt\/","name":"Barcelos","description":"Bike Sharing by nextbike by TIER","potentialAction":[{"@type":"SearchAction","target":{"@type":"EntryPoint","urlTemplate":"https:\/\/www.tubabike.pt\/pt\/?s={search_term_string}"},"query-input":{"@type":"PropertyValueSpecification","valueRequired":true,"valueName":"search_term_string"}}],"inLanguage":"ptc-PT"}]}},"_links":{"self":[{"href":"https:\/\/www.tubabike.pt\/pt\/wp-json\/wp\/v2\/pages\/372","targetHints":{"allow":["GET"]}}],"collection":[{"href":"https:\/\/www.tubabike.pt\/pt\/wp-json\/wp\/v2\/pages"}],"about":[{"href":"https:\/\/www.tubabike.pt\/pt\/wp-json\/wp\/v2\/types\/page"}],"author":[{"embeddable":true,"href":"https:\/\/www.tubabike.pt\/pt\/wp-json\/wp\/v2\/users\/13"}],"replies":[{"embeddable":true,"href":"https:\/\/www.tubabike.pt\/pt\/wp-json\/wp\/v2\/comments?post=372"}],"version-history":[{"count":6,"href":"https:\/\/www.tubabike.pt\/pt\/wp-json\/wp\/v2\/pages\/372\/revisions"}],"predecessor-version":[{"id":380,"href":"https:\/\/www.tubabike.pt\/pt\/wp-json\/wp\/v2\/pages\/372\/revisions\/380"}],"wp:attachment":[{"href":"https:\/\/www.tubabike.pt\/pt\/wp-json\/wp\/v2\/media?parent=372"}],"curies":[{"name":"wp","href":"https:\/\/api.w.org\/{rel}","templated":true}]}}